{"id":3731,"date":"2018-11-05T09:36:36","date_gmt":"2018-11-05T08:36:36","guid":{"rendered":"http:\/\/ponceaucharmilles.fr\/web\/?page_id=3731"},"modified":"2019-04-03T16:16:57","modified_gmt":"2019-04-03T14:16:57","slug":"maraichage-et-verger-biologique","status":"publish","type":"page","link":"https:\/\/ponceaucharmilles.fr\/web\/maraichage-et-verger-biologique\/","title":{"rendered":"Mara\u00eechage et Verger Biologiques"},"content":{"rendered":"<div>\n<div>\n<div><\/div>\n<h3><span style=\"color: #99cc00;\">Mara\u00eechage et Verger Biologiques<\/span><\/h3>\n<\/div>\n<div>\n<p>L\u2019atelier mara\u00eechage et verger est une activit\u00e9 de l\u2019ESAT-R Le Ponceau. Il propose \u00e0 des personnes en situation de handicap une activit\u00e9 professionnelle adapt\u00e9e aux comp\u00e9tences de chacun, ax\u00e9e sur la culture de l\u00e9gumes et de fruits.<\/p>\n<\/div>\n<\/div>\n<h2><span style=\"color: #99cc00;\">Nos activit\u00e9s<img loading=\"lazy\" class=\"wp-image-3929 alignright\" src=\"http:\/\/ponceaucharmilles.fr\/web\/wp-content\/uploads\/2018\/11\/bio.jpg\" alt=\"\" width=\"411\" height=\"235\" srcset=\"https:\/\/ponceaucharmilles.fr\/web\/wp-content\/uploads\/2018\/11\/bio.jpg 800w, https:\/\/ponceaucharmilles.fr\/web\/wp-content\/uploads\/2018\/11\/bio-300x173.jpg 300w\" sizes=\"(max-width: 411px) 100vw, 411px\" \/><\/span><\/h2>\n<ul>\n<li>Cultures plein champs et serres froides<\/li>\n<li>Production de pommes, poires et fruit rouges<\/li>\n<li>Transformation de produits issus de notre mara\u00eechage et nos vergers<\/li>\n<\/ul>\n<h2><span style=\"color: #99cc00;\">Effectifs<\/span><\/h2>\n<p>Une dizaine de travailleurs et 2 moniteurs d\u2019atelier<\/p>\n","protected":false},"excerpt":{"rendered":"<p>Mara\u00eechage et Verger Biologiques L\u2019atelier mara\u00eechage et verger est une activit\u00e9 de l\u2019ESAT-R Le Ponceau. Il propose \u00e0 des personnes en situation de handicap une activit\u00e9 professionnelle adapt\u00e9e aux comp\u00e9tences &#8230;<\/p>\n","protected":false},"author":1,"featured_media":4173,"parent":0,"menu_order":0,"comment_status":"closed","ping_status":"closed","template":"template-fullwidth.php","meta":[],"_links":{"self":[{"href":"https:\/\/ponceaucharmilles.fr\/web\/wp-json\/wp\/v2\/pages\/3731"}],"collection":[{"href":"https:\/\/ponceaucharmilles.fr\/web\/wp-json\/wp\/v2\/pages"}],"about":[{"href":"https:\/\/ponceaucharmilles.fr\/web\/wp-json\/wp\/v2\/types\/page"}],"author":[{"embeddable":true,"href":"https:\/\/ponceaucharmilles.fr\/web\/wp-json\/wp\/v2\/users\/1"}],"replies":[{"embeddable":true,"href":"https:\/\/ponceaucharmilles.fr\/web\/wp-json\/wp\/v2\/comments?post=3731"}],"version-history":[{"count":12,"href":"https:\/\/ponceaucharmilles.fr\/web\/wp-json\/wp\/v2\/pages\/3731\/revisions"}],"predecessor-version":[{"id":4267,"href":"https:\/\/ponceaucharmilles.fr\/web\/wp-json\/wp\/v2\/pages\/3731\/revisions\/4267"}],"wp:featuredmedia":[{"embeddable":true,"href":"https:\/\/ponceaucharmilles.fr\/web\/wp-json\/wp\/v2\/media\/4173"}],"wp:attachment":[{"href":"https:\/\/ponceaucharmilles.fr\/web\/wp-json\/wp\/v2\/media?parent=3731"}],"curies":[{"name":"wp","href":"https:\/\/api.w.org\/{rel}","templated":true}]}}