{"id":3733,"date":"2018-11-05T09:41:25","date_gmt":"2018-11-05T08:41:25","guid":{"rendered":"http:\/\/ponceaucharmilles.fr\/web\/?page_id=3733"},"modified":"2019-04-03T16:22:08","modified_gmt":"2019-04-03T14:22:08","slug":"espaces-verts","status":"publish","type":"page","link":"https:\/\/ponceaucharmilles.fr\/web\/espaces-verts\/","title":{"rendered":"Espaces Verts"},"content":{"rendered":"<div>\n<div><\/div>\n<div>\n<h3><span style=\"color: #99cc00;\">Les Espaces Verts<\/span><\/h3>\n<\/div>\n<div>\n<p>L\u2019atelier Espaces Verts est une activit\u00e9 de l\u2019ESAT-R Le Ponceau. Il propose \u00e0 des personnes en situation de handicap une activit\u00e9 professionnelle adapt\u00e9e aux comp\u00e9tences de chacun, ax\u00e9e sur l\u2019entretien et la cr\u00e9ation de jardin.<\/p>\n<\/div>\n<\/div>\n<h2><span style=\"color: #99cc00;\">Nos activit\u00e9s<img loading=\"lazy\" class=\"wp-image-3938 alignright\" src=\"http:\/\/ponceaucharmilles.fr\/web\/wp-content\/uploads\/2018\/11\/espaces-verts2.jpg\" alt=\"\" width=\"364\" height=\"286\" srcset=\"https:\/\/ponceaucharmilles.fr\/web\/wp-content\/uploads\/2018\/11\/espaces-verts2.jpg 1200w, https:\/\/ponceaucharmilles.fr\/web\/wp-content\/uploads\/2018\/11\/espaces-verts2-300x235.jpg 300w\" sizes=\"(max-width: 364px) 100vw, 364px\" \/><\/span><\/h2>\n<ul>\n<li>Tontes de pelouses et tailles de haies<\/li>\n<li>Cr\u00e9ations de pelouses, massifs<\/li>\n<li>Plantations de haies bocag\u00e8res &#8230;<\/li>\n<\/ul>\n<h2><span style=\"color: #99cc00;\">Effectifs<\/span><\/h2>\n<p>Une vingtaine de travailleurs et 2 moniteurs d\u2019atelier, variable selon les saisons<\/p>\n","protected":false},"excerpt":{"rendered":"<p>Les Espaces Verts L\u2019atelier Espaces Verts est une activit\u00e9 de l\u2019ESAT-R Le Ponceau. Il propose \u00e0 des personnes en situation de handicap une activit\u00e9 professionnelle adapt\u00e9e aux comp\u00e9tences de chacun, &#8230;<\/p>\n","protected":false},"author":1,"featured_media":4172,"parent":0,"menu_order":0,"comment_status":"closed","ping_status":"closed","template":"template-fullwidth.php","meta":[],"_links":{"self":[{"href":"https:\/\/ponceaucharmilles.fr\/web\/wp-json\/wp\/v2\/pages\/3733"}],"collection":[{"href":"https:\/\/ponceaucharmilles.fr\/web\/wp-json\/wp\/v2\/pages"}],"about":[{"href":"https:\/\/ponceaucharmilles.fr\/web\/wp-json\/wp\/v2\/types\/page"}],"author":[{"embeddable":true,"href":"https:\/\/ponceaucharmilles.fr\/web\/wp-json\/wp\/v2\/users\/1"}],"replies":[{"embeddable":true,"href":"https:\/\/ponceaucharmilles.fr\/web\/wp-json\/wp\/v2\/comments?post=3733"}],"version-history":[{"count":10,"href":"https:\/\/ponceaucharmilles.fr\/web\/wp-json\/wp\/v2\/pages\/3733\/revisions"}],"predecessor-version":[{"id":4373,"href":"https:\/\/ponceaucharmilles.fr\/web\/wp-json\/wp\/v2\/pages\/3733\/revisions\/4373"}],"wp:featuredmedia":[{"embeddable":true,"href":"https:\/\/ponceaucharmilles.fr\/web\/wp-json\/wp\/v2\/media\/4172"}],"wp:attachment":[{"href":"https:\/\/ponceaucharmilles.fr\/web\/wp-json\/wp\/v2\/media?parent=3733"}],"curies":[{"name":"wp","href":"https:\/\/api.w.org\/{rel}","templated":true}]}}