{"id":3740,"date":"2018-11-05T09:42:16","date_gmt":"2018-11-05T08:42:16","guid":{"rendered":"http:\/\/ponceaucharmilles.fr\/web\/?page_id=3740"},"modified":"2019-04-03T16:25:15","modified_gmt":"2019-04-03T14:25:15","slug":"horticulture","status":"publish","type":"page","link":"https:\/\/ponceaucharmilles.fr\/web\/horticulture\/","title":{"rendered":"Horticulture"},"content":{"rendered":"<div>\n<div><\/div>\n<div>\n<h3><span style=\"color: #99cc00;\">Horticulture\u00a0<\/span><\/h3>\n<\/div>\n<div>\n<p>L\u2019atelier Horticulture est une activit\u00e9 de l\u2019ESAT-R Le Ponceau. Il propose \u00e0 des personnes en situation de handicap une activit\u00e9 professionnelle adapt\u00e9e aux comp\u00e9tences de chacun, ax\u00e9e sur la production de fleurs et de plants mara\u00eechers.<\/p>\n<\/div>\n<\/div>\n<h2><span style=\"color: #99cc00;\">Nos activit\u00e9s<img loading=\"lazy\" class=\"wp-image-3944 alignright\" src=\"http:\/\/ponceaucharmilles.fr\/web\/wp-content\/uploads\/2018\/11\/horticulture-rond.jpg\" alt=\"\" width=\"341\" height=\"262\" \/><\/span><\/h2>\n<ul>\n<li>Production de plantes \u00e0 massif, de bisannuelles, chrysanth\u00e8mes<\/li>\n<li>Production de plants mara\u00eechers Bio<\/li>\n<\/ul>\n<h2><span style=\"color: #99cc00;\">Effectifs<\/span><\/h2>\n<p>Une dizaine de travailleurs et 1 moniteur d\u2019atelier, variable selon les saisons<\/p>\n","protected":false},"excerpt":{"rendered":"<p>Horticulture\u00a0 L\u2019atelier Horticulture est une activit\u00e9 de l\u2019ESAT-R Le Ponceau. Il propose \u00e0 des personnes en situation de handicap une activit\u00e9 professionnelle adapt\u00e9e aux comp\u00e9tences de chacun, ax\u00e9e sur la &#8230;<\/p>\n","protected":false},"author":1,"featured_media":4171,"parent":0,"menu_order":0,"comment_status":"closed","ping_status":"closed","template":"template-fullwidth.php","meta":[],"_links":{"self":[{"href":"https:\/\/ponceaucharmilles.fr\/web\/wp-json\/wp\/v2\/pages\/3740"}],"collection":[{"href":"https:\/\/ponceaucharmilles.fr\/web\/wp-json\/wp\/v2\/pages"}],"about":[{"href":"https:\/\/ponceaucharmilles.fr\/web\/wp-json\/wp\/v2\/types\/page"}],"author":[{"embeddable":true,"href":"https:\/\/ponceaucharmilles.fr\/web\/wp-json\/wp\/v2\/users\/1"}],"replies":[{"embeddable":true,"href":"https:\/\/ponceaucharmilles.fr\/web\/wp-json\/wp\/v2\/comments?post=3740"}],"version-history":[{"count":7,"href":"https:\/\/ponceaucharmilles.fr\/web\/wp-json\/wp\/v2\/pages\/3740\/revisions"}],"predecessor-version":[{"id":4270,"href":"https:\/\/ponceaucharmilles.fr\/web\/wp-json\/wp\/v2\/pages\/3740\/revisions\/4270"}],"wp:featuredmedia":[{"embeddable":true,"href":"https:\/\/ponceaucharmilles.fr\/web\/wp-json\/wp\/v2\/media\/4171"}],"wp:attachment":[{"href":"https:\/\/ponceaucharmilles.fr\/web\/wp-json\/wp\/v2\/media?parent=3740"}],"curies":[{"name":"wp","href":"https:\/\/api.w.org\/{rel}","templated":true}]}}