{"id":3742,"date":"2018-11-05T09:43:02","date_gmt":"2018-11-05T08:43:02","guid":{"rendered":"http:\/\/ponceaucharmilles.fr\/web\/?page_id=3742"},"modified":"2019-04-03T16:45:49","modified_gmt":"2019-04-03T14:45:49","slug":"magasin","status":"publish","type":"page","link":"https:\/\/ponceaucharmilles.fr\/web\/magasin\/","title":{"rendered":"Magasin : Les Paniers du Ponceau"},"content":{"rendered":"\n<p><\/p>\n\n\n<div>\n<div><\/div>\n<h3><span style=\"color: #99cc00;\">Le Magasin&nbsp;<\/span><\/h3>\n<div>\n<p>Le magasin est une activit\u00e9 de l\u2019ESAT-R Le Ponceau. Il propose \u00e0 des personnes en situation de handicap une activit\u00e9 professionnelle adapt\u00e9e aux comp\u00e9tences de chacun, ax\u00e9e vers la vente de produits issus de l\u2019agriculture biologique.<\/p>\n<\/div>\n<\/div>\n<h2><span style=\"color: #99cc00;\">Nos circuits de distribution<img loading=\"lazy\" class=\"wp-image-3949 alignright\" src=\"http:\/\/ponceaucharmilles.fr\/web\/wp-content\/uploads\/2018\/11\/panier-du-ponceau.jpg\" alt=\"\" width=\"376\" height=\"273\"><br>\n<\/span><\/h2>\n<p>Commercialisation de produits BIO sous 4 formes&nbsp;:<\/p>\n<ul>\n<li>Le magasin \u00ab&nbsp;Les paniers du Ponceau&nbsp;\u00bb<\/li>\n<li>Le march\u00e9 de Ch\u00e2teau-Gontier<\/li>\n<li>Les abonnements panier avec possibilit\u00e9 de d\u00e9p\u00f4ts<\/li>\n<li>Les commandes via <a href=\"mailto:magasin@ponceaucharmilles.fr\">magasin@ponceaucharmilles.fr<\/a><\/li>\n<\/ul>","protected":false},"excerpt":{"rendered":"<p>Le Magasin&nbsp; Le magasin est une activit\u00e9 de l\u2019ESAT-R Le Ponceau. Il propose \u00e0 des personnes en situation de handicap une activit\u00e9 professionnelle adapt\u00e9e aux comp\u00e9tences de chacun, ax\u00e9e vers &#8230;<\/p>\n","protected":false},"author":1,"featured_media":4174,"parent":0,"menu_order":0,"comment_status":"closed","ping_status":"closed","template":"template-fullwidth.php","meta":[],"_links":{"self":[{"href":"https:\/\/ponceaucharmilles.fr\/web\/wp-json\/wp\/v2\/pages\/3742"}],"collection":[{"href":"https:\/\/ponceaucharmilles.fr\/web\/wp-json\/wp\/v2\/pages"}],"about":[{"href":"https:\/\/ponceaucharmilles.fr\/web\/wp-json\/wp\/v2\/types\/page"}],"author":[{"embeddable":true,"href":"https:\/\/ponceaucharmilles.fr\/web\/wp-json\/wp\/v2\/users\/1"}],"replies":[{"embeddable":true,"href":"https:\/\/ponceaucharmilles.fr\/web\/wp-json\/wp\/v2\/comments?post=3742"}],"version-history":[{"count":10,"href":"https:\/\/ponceaucharmilles.fr\/web\/wp-json\/wp\/v2\/pages\/3742\/revisions"}],"predecessor-version":[{"id":4281,"href":"https:\/\/ponceaucharmilles.fr\/web\/wp-json\/wp\/v2\/pages\/3742\/revisions\/4281"}],"wp:featuredmedia":[{"embeddable":true,"href":"https:\/\/ponceaucharmilles.fr\/web\/wp-json\/wp\/v2\/media\/4174"}],"wp:attachment":[{"href":"https:\/\/ponceaucharmilles.fr\/web\/wp-json\/wp\/v2\/media?parent=3742"}],"curies":[{"name":"wp","href":"https:\/\/api.w.org\/{rel}","templated":true}]}}