{"id":3747,"date":"2018-11-05T09:44:51","date_gmt":"2018-11-05T08:44:51","guid":{"rendered":"http:\/\/ponceaucharmilles.fr\/web\/?page_id=3747"},"modified":"2019-04-08T17:26:58","modified_gmt":"2019-04-08T15:26:58","slug":"modalite-dadmission","status":"publish","type":"page","link":"https:\/\/ponceaucharmilles.fr\/web\/modalite-dadmission\/","title":{"rendered":"Modalit\u00e9s d&#8217;admission"},"content":{"rendered":"<h3>Modalit\u00e9s d\u2019admission<\/h3>\n<p>L\u2019association Aide Accueil Amiti\u00e9 Ponceau Charmilles accueillent au sein de ses \u00e9tablissements et services des personnes en situation de handicap \u00e0 partir de l\u2019\u00e2ge de 18 ans.<\/p>\n<p>La d\u00e9cision de notification prononc\u00e9e par la CDAPH conditionne l\u2019entr\u00e9e dans l\u2019\u00e9tablissement. Celle-ci devra \u00eatre en cours de validit\u00e9 au moment de la demande d\u2019admission.<\/p>\n<p>Il vous sera propos\u00e9 des stages d\u2019exp\u00e9rimentation en amont pour valider votre projet de candidature.<\/p>\n<p>Une fois votre dossier d\u2019admission constitu\u00e9, il sera \u00e9tudi\u00e9 par la direction de l\u2019\u00e9tablissement.<\/p>\n","protected":false},"excerpt":{"rendered":"<p>Modalit\u00e9s d\u2019admission L\u2019association Aide Accueil Amiti\u00e9 Ponceau Charmilles accueillent au sein de ses \u00e9tablissements et services des personnes en situation de handicap \u00e0 partir de l\u2019\u00e2ge de 18 ans. La &#8230;<\/p>\n","protected":false},"author":1,"featured_media":3736,"parent":0,"menu_order":0,"comment_status":"closed","ping_status":"closed","template":"template-fullwidth-stretched.php","meta":[],"_links":{"self":[{"href":"https:\/\/ponceaucharmilles.fr\/web\/wp-json\/wp\/v2\/pages\/3747"}],"collection":[{"href":"https:\/\/ponceaucharmilles.fr\/web\/wp-json\/wp\/v2\/pages"}],"about":[{"href":"https:\/\/ponceaucharmilles.fr\/web\/wp-json\/wp\/v2\/types\/page"}],"author":[{"embeddable":true,"href":"https:\/\/ponceaucharmilles.fr\/web\/wp-json\/wp\/v2\/users\/1"}],"replies":[{"embeddable":true,"href":"https:\/\/ponceaucharmilles.fr\/web\/wp-json\/wp\/v2\/comments?post=3747"}],"version-history":[{"count":3,"href":"https:\/\/ponceaucharmilles.fr\/web\/wp-json\/wp\/v2\/pages\/3747\/revisions"}],"predecessor-version":[{"id":4103,"href":"https:\/\/ponceaucharmilles.fr\/web\/wp-json\/wp\/v2\/pages\/3747\/revisions\/4103"}],"wp:featuredmedia":[{"embeddable":true,"href":"https:\/\/ponceaucharmilles.fr\/web\/wp-json\/wp\/v2\/media\/3736"}],"wp:attachment":[{"href":"https:\/\/ponceaucharmilles.fr\/web\/wp-json\/wp\/v2\/media?parent=3747"}],"curies":[{"name":"wp","href":"https:\/\/api.w.org\/{rel}","templated":true}]}}