{"id":3858,"date":"2018-11-05T11:50:05","date_gmt":"2018-11-05T10:50:05","guid":{"rendered":"http:\/\/ponceaucharmilles.fr\/web\/?page_id=3858"},"modified":"2019-05-02T14:58:32","modified_gmt":"2019-05-02T12:58:32","slug":"une-organisation-collaborative","status":"publish","type":"page","link":"https:\/\/ponceaucharmilles.fr\/web\/une-organisation-collaborative\/","title":{"rendered":"Une organisation collaborative"},"content":{"rendered":"<div>\n<div><\/div>\n<\/div>\n<div>\n<h3><span style=\"color: #000080;\"><strong>Une organisation collaborative<\/strong><\/span><\/h3>\n<\/div>\n<div>\n<ul>\n<li>La Participation des personnes accueillies \u00e0 la vie de l\u2019\u00e9tablissement est encourag\u00e9e via le Conseil de la Vie Sociale et la participation volontaire \u00e0 des commissions th\u00e9matiques (am\u00e9nagement des locaux, loisirs\u2026)<\/li>\n<li>De la m\u00eame mani\u00e8re, le personnel et les membres du Conseil d\u2019Administration sont amen\u00e9s \u00e0 s\u2019engager au sein de diff\u00e9rents groupes de travail afin de porter un regard crois\u00e9 sur le fonctionnement des \u00e9tablissements.<\/li>\n<\/ul>\n<\/div>\n","protected":false},"excerpt":{"rendered":"<p>Une organisation collaborative La Participation des personnes accueillies \u00e0 la vie de l\u2019\u00e9tablissement est encourag\u00e9e via le Conseil de la Vie Sociale et la participation volontaire \u00e0 des commissions th\u00e9matiques &#8230;<\/p>\n","protected":false},"author":1,"featured_media":0,"parent":0,"menu_order":0,"comment_status":"closed","ping_status":"closed","template":"template-fullwidth.php","meta":[],"_links":{"self":[{"href":"https:\/\/ponceaucharmilles.fr\/web\/wp-json\/wp\/v2\/pages\/3858"}],"collection":[{"href":"https:\/\/ponceaucharmilles.fr\/web\/wp-json\/wp\/v2\/pages"}],"about":[{"href":"https:\/\/ponceaucharmilles.fr\/web\/wp-json\/wp\/v2\/types\/page"}],"author":[{"embeddable":true,"href":"https:\/\/ponceaucharmilles.fr\/web\/wp-json\/wp\/v2\/users\/1"}],"replies":[{"embeddable":true,"href":"https:\/\/ponceaucharmilles.fr\/web\/wp-json\/wp\/v2\/comments?post=3858"}],"version-history":[{"count":5,"href":"https:\/\/ponceaucharmilles.fr\/web\/wp-json\/wp\/v2\/pages\/3858\/revisions"}],"predecessor-version":[{"id":4150,"href":"https:\/\/ponceaucharmilles.fr\/web\/wp-json\/wp\/v2\/pages\/3858\/revisions\/4150"}],"wp:attachment":[{"href":"https:\/\/ponceaucharmilles.fr\/web\/wp-json\/wp\/v2\/media?parent=3858"}],"curies":[{"name":"wp","href":"https:\/\/api.w.org\/{rel}","templated":true}]}}