{"id":3878,"date":"2018-11-05T12:03:10","date_gmt":"2018-11-05T11:03:10","guid":{"rendered":"http:\/\/ponceaucharmilles.fr\/web\/?page_id=3878"},"modified":"2019-04-03T17:44:00","modified_gmt":"2019-04-03T15:44:00","slug":"les-logements-accompagnes","status":"publish","type":"page","link":"https:\/\/ponceaucharmilles.fr\/web\/les-logements-accompagnes\/","title":{"rendered":"Les Logements Accompagn\u00e9s"},"content":{"rendered":"<div><\/div>\n<h3><span style=\"color: #ff00ff;\">Un habitat individuel au sein de la commune<\/span><\/h3>\n<p><img loading=\"lazy\" class=\"wp-image-4043 alignright\" src=\"http:\/\/ponceaucharmilles.fr\/web\/wp-content\/uploads\/2018\/11\/logac0.jpg\" alt=\"\" width=\"275\" height=\"299\" \/>Les logements Accompagn\u00e9s permettent de r\u00e9pondre aux besoins de personnes travaillant en ESAT (ou retrait\u00e9es d\u2019ESAT) souhaitant b\u00e9n\u00e9ficier d\u2019un logement ind\u00e9pendant mais pour qui une vie en appartement n\u00e9cessite un accompagnement de proximit\u00e9.<\/p>\n<p><strong><span style=\"color: #ff00ff;\">Il vous y est propos\u00e9 :<\/span><\/strong><\/p>\n<ul>\n<li>Des logements individuels situ\u00e9 dans la commune<\/li>\n<li>Des interventions au domicile r\u00e9guli\u00e8re<\/li>\n<li>Un accompagnement individuel et personnalis\u00e9<\/li>\n<li>Des activit\u00e9s ax\u00e9es sur l\u2019autonomie<\/li>\n<li>Des activit\u00e9s de loisirs et de d\u00e9tente<\/li>\n<li>Un acc\u00e8s aux services du territoire<\/li>\n<\/ul>\n","protected":false},"excerpt":{"rendered":"<p>Un habitat individuel au sein de la commune Les logements Accompagn\u00e9s permettent de r\u00e9pondre aux besoins de personnes travaillant en ESAT (ou retrait\u00e9es d\u2019ESAT) souhaitant b\u00e9n\u00e9ficier d\u2019un logement ind\u00e9pendant mais &#8230;<\/p>\n","protected":false},"author":1,"featured_media":0,"parent":0,"menu_order":0,"comment_status":"closed","ping_status":"closed","template":"template-fullwidth.php","meta":[],"_links":{"self":[{"href":"https:\/\/ponceaucharmilles.fr\/web\/wp-json\/wp\/v2\/pages\/3878"}],"collection":[{"href":"https:\/\/ponceaucharmilles.fr\/web\/wp-json\/wp\/v2\/pages"}],"about":[{"href":"https:\/\/ponceaucharmilles.fr\/web\/wp-json\/wp\/v2\/types\/page"}],"author":[{"embeddable":true,"href":"https:\/\/ponceaucharmilles.fr\/web\/wp-json\/wp\/v2\/users\/1"}],"replies":[{"embeddable":true,"href":"https:\/\/ponceaucharmilles.fr\/web\/wp-json\/wp\/v2\/comments?post=3878"}],"version-history":[{"count":7,"href":"https:\/\/ponceaucharmilles.fr\/web\/wp-json\/wp\/v2\/pages\/3878\/revisions"}],"predecessor-version":[{"id":4311,"href":"https:\/\/ponceaucharmilles.fr\/web\/wp-json\/wp\/v2\/pages\/3878\/revisions\/4311"}],"wp:attachment":[{"href":"https:\/\/ponceaucharmilles.fr\/web\/wp-json\/wp\/v2\/media?parent=3878"}],"curies":[{"name":"wp","href":"https:\/\/api.w.org\/{rel}","templated":true}]}}